{"id":780,"date":"2022-05-23T23:09:59","date_gmt":"2022-05-23T21:09:59","guid":{"rendered":"https:\/\/drkittel.pl\/?page_id=780"},"modified":"2022-05-23T23:09:59","modified_gmt":"2022-05-23T21:09:59","slug":"regulamin-uslug","status":"publish","type":"page","link":"https:\/\/drkittel.pl\/en\/regulamin-uslug\/","title":{"rendered":"Terms of Service"},"content":{"rendered":"<p><strong>RULES<\/strong><br \/>\n<strong>from March 2018<\/strong><\/p>\n<p><strong>\u00a71<\/strong><br \/>\n<strong>General provisions<\/strong><\/p>\n<p>The Regulations define the conditions for the provision of electronic services by the Service Provider, as well as services provided stationary in the Service Provider's office, the conditions for concluding and terminating contracts and the complaint procedure.<br \/>\nThe Service Recipient is obliged to use the Website and the Service Provider's services in a manner consistent with the provisions of the Regulations and generally applicable laws.<br \/>\nThe Service Provider is Lidia Kittel, ul. Kr\u00f3lewiecka 161\/16<br \/>\nContact with the Service Provider is possible using the following forms:<br \/>\ne-mail: biuro@drkittel.pl<br \/>\ntraditional mail: ul. Kr\u00f3lewiecka 161\/16, 54-117 Wroc\u0142aw<br \/>\ntelephone contact: +48 605 290 299, 71 354 12 14<br \/>\ncontact form on the website: https:\/\/drkittel.pl\/kontakt\/<\/p>\n<p><strong>\u00a72<\/strong><br \/>\n<strong>Definitions<\/strong><\/p>\n<p>Consumer - a Service Recipient with the status of a consumer within the meaning of art. 221 of the Civil Code. From January 1, 2021, to the extent specified in art. 38a of the Act on Consumer Rights and in Art. 3855 of the Civil Code, a Consumer is also a natural person concluding a contract directly related to its business activity, when the content of this contract shows that it is not of a professional nature for that person;<br \/>\nService Recipient - a person using the Website or concluding a contract with the Service Provider for the provision of electronic services by the Service Provider, as well as a contract for the provision of stationary services, in the Service Provider's office;<br \/>\nService Provider - Lidia Kittel ul. Kr\u00f3lewiecka 161\/16, 54-117 Wroc\u0142aw, NIP: 894 229 28 05, REGON number: 932 661 616<br \/>\nWebsite - an internet platform available at www.drkittel.pl enabling the Service Provider to present the types and scope of services provided electronically, as well as the types and scope of services provided stationary, in the Service Provider's office.<\/p>\n<p><strong>\u00a73<\/strong><br \/>\n<strong>Technical requirements and rules of using the Website<\/strong><\/p>\n<p>The minimum technical requirements allowing for the use of the Website and the use of the Service Provider's services provided electronically are:<br \/>\na computer or a mobile device with access to the Internet;<br \/>\nupdated Internet browser;<br \/>\naccess to e-mail (in the case of telemedical consultations carried out using e-mail)<br \/>\naccess to a microphone and video camera (in the case of telemedicine consultations in the form of a video call);<br \/>\naccess to the telephone (in the case of telemedicine consultations in the form of a telephone call).<br \/>\nThe Service Provider takes technical and organizational measures to ensure the security of the services provided, however, these activities do not exclude the materialization of common threats resulting from the use of the Internet, such as, for example: phishing, infecting devices with malware, sending spam, cyberbullying or identity theft.<br \/>\nThe Service Recipient should use anti-virus software in order to minimize the risk of introducing malware into the Service Recipient's ICT system by unauthorized entities, as well as he should shape and update his awareness of threats in cyberspace on an ongoing basis.<br \/>\nIt is recommended that the Service Recipient verify whether the address of the Website in the web browser is correct each time before taking actions such as, in particular, making payments or providing personal data. In case of doubts in this regard, it is recommended to contact the Service Provider directly.<br \/>\nThe Service Recipient may not interfere with the functioning of the Website and provide unlawful content, in particular content that is vulgar, promotes violence or violates the personal rights of the Service Provider or third parties.<br \/>\nThe use of any content available on the Website is allowed only within the scope of the User's permitted use.<\/p>\n<p><strong>\u00a74<\/strong><br \/>\n<strong>Conclusion of a contract for the provision of electronic services<\/strong><\/p>\n<p>The conclusion of the contract for the provision of electronic services takes place via the Website.<br \/>\nIn order to conclude a contract for the provision of electronic services, the Service Recipient should:<\/p>\n<p class=\"translation-block\">choose the service you are interested in;<br>\ncomplete the contact form;<br>\ndeclare that he has read the Regulations and accepts its provisions;<br>\nmake a payment for the service.<br>\nThe Service Provider also allows the possibility of concluding contracts for the provision of electronic services via e-mail or telephone. In such a situation, a prerequisite for the provision of the service is the Customer's sending to the Service Provider's e-mail address a confirmation of payment for the service by transfer to the Service Provider's bank account in accordance with the price list.<br>\nThe contract is considered concluded at the moment of confirmation of payment for the service by the Customer or posting the payment for the service on the Service Provider's bank account.<br>\nUnpaid services will not be provided.<\/p>\n<p><strong>\u00a75<\/strong><br \/>\n<strong>Conclusion of a contract for the provision of services in the Service Provider's office<\/strong><\/p>\n<p class=\"translation-block\">Conclusion of a contract for the provision of services in the Service Provider's office takes place via the Website, e-mail, telephone or directly during a stationary visit to the Service Provider's office.<br>\nIn order to conclude a contract for the provision of services in the Service Provider's office, the Service Recipient should:<\/p>\n<p class=\"translation-block\">choose the service you are interested in;<br>\ncontact the Service Provider in order to inform about the selected service;<br>\npay for the service directly in the Service Provider's office.<br>\nUnpaid services will not be provided.<\/p>\n<p><strong>\u00a76<\/strong><br \/>\n<strong>Price and methods of payment<\/strong><\/p>\n<p class=\"translation-block\">Prices for services on the Website are given in gross amounts, expressed in Polish zlotys, unless the offer clearly states otherwise.<br>\nThe price of the service covers the scope specified in the order.<br>\nThe Service Provider documents the order of the service by means of a receipt or by means of an invoice delivered to the e-mail address of the Service Recipient, to which the Service Recipient agrees.<\/p>\n<p><strong>\u00a77<\/strong><br \/>\n<strong>Term of the contract<\/strong><\/p>\n<p>The contract for the provision of electronic services is concluded for a definite period of time, necessary to perform the consultation.<\/p>\n<p><strong>\u00a78<\/strong><br \/>\n<strong>Withdrawal from the contract for the provision of electronic services<\/strong><\/p>\n<p>The Service Recipient who is a Consumer is entitled to withdraw from the contract concluded remotely or off-premises of the Service Provider without giving a reason within fourteen days from the conclusion of the contract.<br \/>\nIn order to withdraw from the contract, the Service Recipient who is a Consumer should submit an appropriate statement to the Service Provider, which will result in the will to withdraw from the contract and which will contain data identifying the Service Recipient. The statement may be sent to the e-mail address of the Service Provider. To meet the fourteen-day deadline, it is enough to send a statement before the expiry of this period.<br \/>\nHowever, the right to withdraw from the contract is not an absolute right. This means that the right to withdraw from the contract is not entitled, in particular, in the case of contracts for the provision of services, if the Service Provider has fully performed the service with the express consent of the Service Recipient who is a Consumer, who was informed before the commencement of the service that after the service is provided by the Service Provider, he will lose the right to withdraw from the contract.<br \/>\nThe situation referred to in par. 3 will take place in particular if the Service Recipient selects a consultation date within 14 days from the conclusion of the contract and after the consultation has been completed by the Service Provider - such action may be considered tantamount to consent to perform the service before the deadline for withdrawal from the contract (e.g. if the Service Recipient who is a Consumer orders a consultation taking place within 3 days from the conclusion of the contract, then after the consultation is completed, the right to withdraw from the contract is not entitled).<br \/>\nIn the event of effective withdrawal from the contract, the Service Provider will reimburse the Customer who is a Consumer with the same method of payment as used by the Customer. The Service Provider, with the consent of the Service Recipient, is entitled to return the funds using another payment method that does not involve any additional cost for the Service Recipient.<\/p>\n<p><strong>\u00a79<\/strong><br \/>\n<strong>Obligation to provide reliable information<\/strong><\/p>\n<p>The Service Recipient is obliged to provide the Service Provider with all information known to him that will prove necessary to carry out the consultation.<br \/>\nThe information provided by the Service Recipient must be reliable and consistent with the Service Recipient's best knowledge, which means that the Service Recipient may not conceal any information relevant to the proper assessment of the Service Recipient's health condition.<\/p>\n<p><strong>\u00a710<\/strong><br \/>\n<strong>Complaints procedure<\/strong><\/p>\n<p class=\"translation-block\">Complaints may be submitted in writing to the Service Provider's address and in electronic form to the Service Provider's e-mail address.<br>\nThe complaint should contain data enabling identification of the Service Recipient, the subject of the complaint and the Service Recipient's request related to the submitted complaint.<br>\nThe response to the complaint will be provided to the e-mail address provided when concluding the contract, unless the Service Recipient clearly indicates a different address. The Service Provider is also entitled to respond to the complaint via traditional mail.<br>\nThe Service Recipient who is a Consumer has the right to use out-of-court methods of dealing with complaints and pursuing claims. Among other things, such a Service Recipient has the right to apply to a permanent amicable consumer court with a request to settle a dispute arising from the concluded contract. Detailed information on out-of-court methods of dealing with complaints and pursuing claims is available on the website at www.uokik.gov.pl.<\/p>\n<p><strong>\u00a711<\/strong><br \/>\n<strong>Personal data<\/strong><\/p>\n<p class=\"translation-block\">The Service Recipient is obliged to familiarize himself with the rules of processing his personal data by the Service Provider available in the information clause on the principles of personal data processing, which can be found at www.drkittel.pl<br>\nThe Service Recipient should use appropriate technical and organizational measures to minimize the risk of losing the integrity of personal data.<br>\nOut of concern for the protection of personal data, the Service Provider is entitled to refuse to provide consultations if it is unable to identify the Service Recipient.<\/p>\n<p><strong>\u00a712<\/strong><br \/>\n<strong>Final Provisions<\/strong><\/p>\n<p class=\"translation-block\">The Service Provider declares that it does not apply the code of good practice referred to in the Act of 23 August 2007 on counteracting unfair market practices.<br>\nThe content of the Regulations is continuously available on the Website at the address: www.drkittel.pl The method of making the Regulations available enables its acquisition, reproduction and recording by saving it on a carrier or printing it at any time.<br>\nDescriptive headings have been introduced only to facilitate the use of the content of the Regulations and do not affect its interpretation or content.<br>\nIn the event that any of the provisions of the Regulations turns out to be invalid, ineffective, unlawful or unenforceable in whole or in part, this circumstance will not affect the validity of the remaining provisions of the Regulations.<br>\nIn matters not covered by the Regulations, the provisions of Polish law shall apply. In the case of Service Recipients who are Consumers, the choice of law does not deprive the protection granted on the basis of provisions that cannot be excluded by agreement under the law of the country in which the Consumer has his habitual residence.<br>\nAny disputes arising from the contract concluded on the basis of the Regulations will be settled by the court having jurisdiction over the seat of the Service Provider, while the said determination of the jurisdiction of the court is not applicable in the case of Service Recipients who are Consumers.<br>\nThe Service Provider reserves the right to make changes to the Regulations for important reasons, i.e. due to changes in the law or changes in the service provision model or changes in the manner of concluding contracts, about which the Service Provider will inform the Service Recipient who will have active services. The current version of the Regulations will be available on the Service Provider's website each time, in a way that allows the Service Recipient to obtain, reproduce and record its content by printing or saving it on a carrier at any time.<\/p>","protected":false},"excerpt":{"rendered":"<p>REGULAMIN od marca 2018 roku \u00a71 Postanowienia og\u00f3lne Regulamin okre\u015bla  [&#8230;]<\/p>\n","protected":false},"author":2,"featured_media":0,"parent":0,"menu_order":0,"comment_status":"closed","ping_status":"closed","template":"","meta":{"footnotes":""},"class_list":["post-780","page","type-page","status-publish","hentry"],"yoast_head":"<!-- This site is optimized with the Yoast SEO plugin v27.0 - https:\/\/yoast.com\/product\/yoast-seo-wordpress\/ -->\n<title>Regulamin us\u0142ug - Digital Dentistry &amp; Medicine<\/title>\n<meta name=\"robots\" content=\"index, follow, max-snippet:-1, max-image-preview:large, max-video-preview:-1\" \/>\n<link rel=\"canonical\" href=\"https:\/\/drkittel.pl\/en\/regulamin-uslug\/\" \/>\n<meta property=\"og:locale\" content=\"en_GB\" \/>\n<meta property=\"og:type\" content=\"article\" \/>\n<meta property=\"og:title\" content=\"Regulamin us\u0142ug - Digital Dentistry &amp; Medicine\" \/>\n<meta property=\"og:description\" content=\"REGULAMIN od marca 2018 roku \u00a71 Postanowienia og\u00f3lne Regulamin okre\u015bla [...]\" \/>\n<meta property=\"og:url\" content=\"https:\/\/drkittel.pl\/en\/regulamin-uslug\/\" \/>\n<meta property=\"og:site_name\" content=\"Digital Dentistry &amp; Medicine\" \/>\n<meta name=\"twitter:card\" content=\"summary_large_image\" \/>\n<meta name=\"twitter:label1\" content=\"Estimated reading time\" \/>\n\t<meta name=\"twitter:data1\" content=\"10 minutes\" \/>\n<script type=\"application\/ld+json\" class=\"yoast-schema-graph\">{\"@context\":\"https:\/\/schema.org\",\"@graph\":[{\"@type\":\"WebPage\",\"@id\":\"https:\/\/drkittel.pl\/regulamin-uslug\/\",\"url\":\"https:\/\/drkittel.pl\/regulamin-uslug\/\",\"name\":\"Regulamin us\u0142ug - Digital Dentistry &amp; Medicine\",\"isPartOf\":{\"@id\":\"https:\/\/drkittel.pl\/#website\"},\"datePublished\":\"2022-05-23T21:09:59+00:00\",\"breadcrumb\":{\"@id\":\"https:\/\/drkittel.pl\/regulamin-uslug\/#breadcrumb\"},\"inLanguage\":\"en-GB\",\"potentialAction\":[{\"@type\":\"ReadAction\",\"target\":[\"https:\/\/drkittel.pl\/regulamin-uslug\/\"]}]},{\"@type\":\"BreadcrumbList\",\"@id\":\"https:\/\/drkittel.pl\/regulamin-uslug\/#breadcrumb\",\"itemListElement\":[{\"@type\":\"ListItem\",\"position\":1,\"name\":\"Strona g\u0142\u00f3wna\",\"item\":\"https:\/\/drkittel.pl\/\"},{\"@type\":\"ListItem\",\"position\":2,\"name\":\"Regulamin us\u0142ug\"}]},{\"@type\":\"WebSite\",\"@id\":\"https:\/\/drkittel.pl\/#website\",\"url\":\"https:\/\/drkittel.pl\/\",\"name\":\"Dr Kittel Digital Dentistry & Medicine\",\"description\":\"Dr Kittel - Implantologia, Protetyka na implantach, Chirurgia z regeneracj\u0105 PRF, Mosty na W\u0142\u00f3knach IPN, Lic\u00f3wki kompozytowe i porcelanowe.\",\"publisher\":{\"@id\":\"https:\/\/drkittel.pl\/#organization\"},\"potentialAction\":[{\"@type\":\"SearchAction\",\"target\":{\"@type\":\"EntryPoint\",\"urlTemplate\":\"https:\/\/drkittel.pl\/?s={search_term_string}\"},\"query-input\":{\"@type\":\"PropertyValueSpecification\",\"valueRequired\":true,\"valueName\":\"search_term_string\"}}],\"inLanguage\":\"en-GB\"},{\"@type\":\"Organization\",\"@id\":\"https:\/\/drkittel.pl\/#organization\",\"name\":\"Dr Kittel Digital Dentistry & Medicine\",\"url\":\"https:\/\/drkittel.pl\/\",\"logo\":{\"@type\":\"ImageObject\",\"inLanguage\":\"en-GB\",\"@id\":\"https:\/\/drkittel.pl\/#\/schema\/logo\/image\/\",\"url\":\"https:\/\/drkittel.pl\/wp-content\/uploads\/2022\/12\/dr-kittel-nowe-logo-black.png\",\"contentUrl\":\"https:\/\/drkittel.pl\/wp-content\/uploads\/2022\/12\/dr-kittel-nowe-logo-black.png\",\"width\":1417,\"height\":595,\"caption\":\"Dr Kittel Digital Dentistry & Medicine\"},\"image\":{\"@id\":\"https:\/\/drkittel.pl\/#\/schema\/logo\/image\/\"}}]}<\/script>\n<!-- \/ Yoast SEO plugin. -->","yoast_head_json":{"title":"Regulamin us\u0142ug - Digital Dentistry &amp; Medicine","robots":{"index":"index","follow":"follow","max-snippet":"max-snippet:-1","max-image-preview":"max-image-preview:large","max-video-preview":"max-video-preview:-1"},"canonical":"https:\/\/drkittel.pl\/en\/regulamin-uslug\/","og_locale":"en_GB","og_type":"article","og_title":"Regulamin us\u0142ug - Digital Dentistry &amp; Medicine","og_description":"REGULAMIN od marca 2018 roku \u00a71 Postanowienia og\u00f3lne Regulamin okre\u015bla [...]","og_url":"https:\/\/drkittel.pl\/en\/regulamin-uslug\/","og_site_name":"Digital Dentistry &amp; Medicine","twitter_card":"summary_large_image","twitter_misc":{"Estimated reading time":"10 minutes"},"schema":{"@context":"https:\/\/schema.org","@graph":[{"@type":"WebPage","@id":"https:\/\/drkittel.pl\/regulamin-uslug\/","url":"https:\/\/drkittel.pl\/regulamin-uslug\/","name":"Regulamin us\u0142ug - Digital Dentistry &amp; Medicine","isPartOf":{"@id":"https:\/\/drkittel.pl\/#website"},"datePublished":"2022-05-23T21:09:59+00:00","breadcrumb":{"@id":"https:\/\/drkittel.pl\/regulamin-uslug\/#breadcrumb"},"inLanguage":"en-GB","potentialAction":[{"@type":"ReadAction","target":["https:\/\/drkittel.pl\/regulamin-uslug\/"]}]},{"@type":"BreadcrumbList","@id":"https:\/\/drkittel.pl\/regulamin-uslug\/#breadcrumb","itemListElement":[{"@type":"ListItem","position":1,"name":"Strona g\u0142\u00f3wna","item":"https:\/\/drkittel.pl\/"},{"@type":"ListItem","position":2,"name":"Regulamin us\u0142ug"}]},{"@type":"WebSite","@id":"https:\/\/drkittel.pl\/#website","url":"https:\/\/drkittel.pl\/","name":"Dr Kittel Digital Dentistry & Medicine","description":"Dr Kittel - Implantologia, Protetyka na implantach, Chirurgia z regeneracj\u0105 PRF, Mosty na W\u0142\u00f3knach IPN, Lic\u00f3wki kompozytowe i porcelanowe.","publisher":{"@id":"https:\/\/drkittel.pl\/#organization"},"potentialAction":[{"@type":"SearchAction","target":{"@type":"EntryPoint","urlTemplate":"https:\/\/drkittel.pl\/?s={search_term_string}"},"query-input":{"@type":"PropertyValueSpecification","valueRequired":true,"valueName":"search_term_string"}}],"inLanguage":"en-GB"},{"@type":"Organization","@id":"https:\/\/drkittel.pl\/#organization","name":"Dr Kittel Digital Dentistry & Medicine","url":"https:\/\/drkittel.pl\/","logo":{"@type":"ImageObject","inLanguage":"en-GB","@id":"https:\/\/drkittel.pl\/#\/schema\/logo\/image\/","url":"https:\/\/drkittel.pl\/wp-content\/uploads\/2022\/12\/dr-kittel-nowe-logo-black.png","contentUrl":"https:\/\/drkittel.pl\/wp-content\/uploads\/2022\/12\/dr-kittel-nowe-logo-black.png","width":1417,"height":595,"caption":"Dr Kittel Digital Dentistry & Medicine"},"image":{"@id":"https:\/\/drkittel.pl\/#\/schema\/logo\/image\/"}}]}},"_links":{"self":[{"href":"https:\/\/drkittel.pl\/en\/wp-json\/wp\/v2\/pages\/780","targetHints":{"allow":["GET"]}}],"collection":[{"href":"https:\/\/drkittel.pl\/en\/wp-json\/wp\/v2\/pages"}],"about":[{"href":"https:\/\/drkittel.pl\/en\/wp-json\/wp\/v2\/types\/page"}],"author":[{"embeddable":true,"href":"https:\/\/drkittel.pl\/en\/wp-json\/wp\/v2\/users\/2"}],"replies":[{"embeddable":true,"href":"https:\/\/drkittel.pl\/en\/wp-json\/wp\/v2\/comments?post=780"}],"version-history":[{"count":3,"href":"https:\/\/drkittel.pl\/en\/wp-json\/wp\/v2\/pages\/780\/revisions"}],"predecessor-version":[{"id":783,"href":"https:\/\/drkittel.pl\/en\/wp-json\/wp\/v2\/pages\/780\/revisions\/783"}],"wp:attachment":[{"href":"https:\/\/drkittel.pl\/en\/wp-json\/wp\/v2\/media?parent=780"}],"curies":[{"name":"wp","href":"https:\/\/api.w.org\/{rel}","templated":true}]}}