{"id":784,"date":"2022-05-23T23:28:32","date_gmt":"2022-05-23T21:28:32","guid":{"rendered":"https:\/\/drkittel.pl\/?page_id=784"},"modified":"2022-05-23T23:28:32","modified_gmt":"2022-05-23T21:28:32","slug":"polityka-cookies","status":"publish","type":"page","link":"https:\/\/drkittel.pl\/en\/polityka-cookies\/","title":{"rendered":"cookies policy"},"content":{"rendered":"<p><strong>COOKIES POLICY<\/strong><\/p>\n<p><strong>Basic information about cookies<\/strong><\/p>\n<p class=\"translation-block\">We use cookies on our website. Cookies are small pieces of text that a website\nsends to the browser and which the browser sends back on subsequent visits to the website. Cookies\nusually do not allow direct identification of the user. We distinguish three types of cookies:<\/p>\n<ul>\n<li>Session - temporarily stored in the browser's memory until the browser is closed. These are files<br \/>\nnecessary for the correct operation of some applications and functionalities;<\/li>\n<li>Permanent - facilitate the use of websites (they remember the user's preferences). They remain in<br \/>\nthe browser's memory for a long time;<\/li>\n<li>External entities - they come from, for example, advertising servers or servers of service providers cooperating<br \/>\nwith the owner of the website. They usually allow you to adjust the advertisement to the user and allow you to evaluate<br \/>\nthe effectiveness of the advertisements.<\/li>\n<\/ul>\n<p class=\"translation-block\">If you are interested in the above information and want to know the detailed rules of how cookies work,\nwe encourage you to read information about cookies on Wikipedia. Information on cookies can also be found on the\nwebsitewszyciasteczkach.pl. We also encourage you to contact us via e-mail.<\/p>\n<p><strong>II. Purposes of storing and accessing cookies. Information about third party tools.<\/strong><\/p>\n<table border=\"1px solid white\" width=\"100%\" cellspacing=\"0\" cellpadding=\"7\">\n<tbody>\n<tr valign=\"top\">\n<td width=\"106\">\n<p align=\"center\"><strong>Target<\/strong><\/p>\n<\/td>\n<td width=\"497\">\n<p align=\"center\"><strong>Przyk\u0142adowe zastosowanie plik\u00f3w cookies<\/strong><\/p>\n<\/td>\n<\/tr>\n<tr valign=\"top\">\n<td width=\"106\">\n<p align=\"center\">Memorization of settings (preference evaluation)<\/p>\n<\/td>\n<td width=\"497\">\n<p align=\"center\">They store information about the settings selected by the website user. For example: \"hl\" and \"cookies_accepted\".<\/p>\n<\/td>\n<\/tr>\n<tr valign=\"top\">\n<td width=\"106\">\n<p align=\"center\">Analytics and statistical purposes<\/p>\n<\/td>\n<td width=\"497\">\n<p align=\"center\">They help to understand how users use the website by collecting information and generating reports with statistics. These cookies may also, in conjunction with other cookies, allow for more relevant advertising. For example: \"_ga\", \"_gat\" or \"_gid\".<\/p>\n<\/td>\n<\/tr>\n<tr valign=\"top\">\n<td width=\"106\">\n<p align=\"center\">Security<\/p>\n<\/td>\n<td width=\"497\">\n<p align=\"center\">Limit data collection if too many user requests are received on the website. In this situation, some user requests are blocked. For example: \"SID\" and \"HSID\".<\/p>\n<\/td>\n<\/tr>\n<tr valign=\"top\">\n<td width=\"106\">\n<p align=\"center\">Session status<\/p>\n<\/td>\n<td width=\"497\">\n<p align=\"center\">They remember information about how users use the website. They store the session ID and group the entire session activity for the website user. They help to improve services and increase the user experience of the website. For example: \"PHPSESSID\"<\/p>\n<\/td>\n<\/tr>\n<tr valign=\"top\">\n<td width=\"106\">\n<p align=\"center\">advertisement<\/p>\n<\/td>\n<td width=\"497\">\n<p align=\"center\">They allow you to customize ads to users and obtain reports on the effectiveness of the advertising campaign. For example: \"IDE\", \"NID\", \"ANID\" and \"SID\" provided by Google.<\/p>\n<\/td>\n<\/tr>\n<\/tbody>\n<\/table>\n<p>&nbsp;<\/p>\n<p><strong>III. The ability to specify the conditions for storing and accessing cookies using the software settings<\/strong><\/p>\n<p>The conditions for storing and accessing cookies can be defined using the settings of the software installed on your device. Please read the instructions for the most popular web browsers.<\/p>\n<ul>\n<li>Chrome <a href=\"https:\/\/support.google.com\/chrome\/answer\/95647?hl=pl\" target=\"_blank\" rel=\"noopener\">https:\/\/support.google.com\/chrome\/answer\/95647?hl=pl<\/a><\/li>\n<li>Firefox <a href=\"https:\/\/support.mozilla.org\/pl\/kb\/wzmocniona-ochrona-przed-sledzeniem-firefox-desktop\" target=\"_blank\" rel=\"noopener\">https:\/\/support.mozilla.org\/pl\/kb\/wzmocniona-ochrona-przed-sledzeniem-firefox-desktop<\/a><\/li>\n<li>Opera <a href=\"https:\/\/help.opera.com\/pl\/latest\/web-preferences\/#cookies\" target=\"_blank\" rel=\"noopener\">https:\/\/help.opera.com\/pl\/latest\/web-preferences\/#cookies<\/a><\/li>\n<li>Safari <a href=\"https:\/\/support.apple.com\/de-de\/guide\/safari\/sfri11471\/mac\" target=\"_blank\" rel=\"noopener\">https:\/\/support.apple.com\/de-de\/guide\/safari\/sfri11471\/mac<\/a><\/li>\n<li>Internet Explorer <a href=\"https:\/\/privacy.microsoft.com\/pl-pl\/privacystatement\" target=\"_blank\" rel=\"noopener\">https:\/\/privacy.microsoft.com\/pl-pl\/privacystatement<\/a><\/li>\n<\/ul>","protected":false},"excerpt":{"rendered":"<p>POLITYKA COOKIES I. Podstawowe informacje o plikach cookies Na naszej  [&#8230;]<\/p>\n","protected":false},"author":2,"featured_media":0,"parent":0,"menu_order":0,"comment_status":"closed","ping_status":"closed","template":"","meta":{"footnotes":""},"class_list":["post-784","page","type-page","status-publish","hentry"],"yoast_head":"<!-- This site is optimized with the Yoast SEO plugin v27.0 - https:\/\/yoast.com\/product\/yoast-seo-wordpress\/ -->\n<title>Polityka cookies - Digital Dentistry &amp; Medicine<\/title>\n<meta name=\"robots\" content=\"index, follow, max-snippet:-1, max-image-preview:large, max-video-preview:-1\" \/>\n<link rel=\"canonical\" href=\"https:\/\/drkittel.pl\/en\/polityka-cookies\/\" \/>\n<meta property=\"og:locale\" content=\"en_GB\" \/>\n<meta property=\"og:type\" content=\"article\" \/>\n<meta property=\"og:title\" content=\"Polityka cookies - Digital Dentistry &amp; Medicine\" \/>\n<meta property=\"og:description\" content=\"POLITYKA COOKIES I. Podstawowe informacje o plikach cookies Na naszej [...]\" \/>\n<meta property=\"og:url\" content=\"https:\/\/drkittel.pl\/en\/polityka-cookies\/\" \/>\n<meta property=\"og:site_name\" content=\"Digital Dentistry &amp; Medicine\" \/>\n<meta name=\"twitter:card\" content=\"summary_large_image\" \/>\n<meta name=\"twitter:label1\" content=\"Estimated reading time\" \/>\n\t<meta name=\"twitter:data1\" content=\"3 minutes\" \/>\n<script type=\"application\/ld+json\" class=\"yoast-schema-graph\">{\"@context\":\"https:\/\/schema.org\",\"@graph\":[{\"@type\":\"WebPage\",\"@id\":\"https:\/\/drkittel.pl\/polityka-cookies\/\",\"url\":\"https:\/\/drkittel.pl\/polityka-cookies\/\",\"name\":\"Polityka cookies - Digital Dentistry &amp; Medicine\",\"isPartOf\":{\"@id\":\"https:\/\/drkittel.pl\/#website\"},\"datePublished\":\"2022-05-23T21:28:32+00:00\",\"breadcrumb\":{\"@id\":\"https:\/\/drkittel.pl\/polityka-cookies\/#breadcrumb\"},\"inLanguage\":\"en-GB\",\"potentialAction\":[{\"@type\":\"ReadAction\",\"target\":[\"https:\/\/drkittel.pl\/polityka-cookies\/\"]}]},{\"@type\":\"BreadcrumbList\",\"@id\":\"https:\/\/drkittel.pl\/polityka-cookies\/#breadcrumb\",\"itemListElement\":[{\"@type\":\"ListItem\",\"position\":1,\"name\":\"Strona g\u0142\u00f3wna\",\"item\":\"https:\/\/drkittel.pl\/\"},{\"@type\":\"ListItem\",\"position\":2,\"name\":\"Polityka cookies\"}]},{\"@type\":\"WebSite\",\"@id\":\"https:\/\/drkittel.pl\/#website\",\"url\":\"https:\/\/drkittel.pl\/\",\"name\":\"Dr Kittel Digital Dentistry & Medicine\",\"description\":\"Dr Kittel - Implantologia, Protetyka na implantach, Chirurgia z regeneracj\u0105 PRF, Mosty na W\u0142\u00f3knach IPN, Lic\u00f3wki kompozytowe i porcelanowe.\",\"publisher\":{\"@id\":\"https:\/\/drkittel.pl\/#organization\"},\"potentialAction\":[{\"@type\":\"SearchAction\",\"target\":{\"@type\":\"EntryPoint\",\"urlTemplate\":\"https:\/\/drkittel.pl\/?s={search_term_string}\"},\"query-input\":{\"@type\":\"PropertyValueSpecification\",\"valueRequired\":true,\"valueName\":\"search_term_string\"}}],\"inLanguage\":\"en-GB\"},{\"@type\":\"Organization\",\"@id\":\"https:\/\/drkittel.pl\/#organization\",\"name\":\"Dr Kittel Digital Dentistry & Medicine\",\"url\":\"https:\/\/drkittel.pl\/\",\"logo\":{\"@type\":\"ImageObject\",\"inLanguage\":\"en-GB\",\"@id\":\"https:\/\/drkittel.pl\/#\/schema\/logo\/image\/\",\"url\":\"https:\/\/drkittel.pl\/wp-content\/uploads\/2022\/12\/dr-kittel-nowe-logo-black.png\",\"contentUrl\":\"https:\/\/drkittel.pl\/wp-content\/uploads\/2022\/12\/dr-kittel-nowe-logo-black.png\",\"width\":1417,\"height\":595,\"caption\":\"Dr Kittel Digital Dentistry & Medicine\"},\"image\":{\"@id\":\"https:\/\/drkittel.pl\/#\/schema\/logo\/image\/\"}}]}<\/script>\n<!-- \/ Yoast SEO plugin. -->","yoast_head_json":{"title":"Polityka cookies - Digital Dentistry &amp; Medicine","robots":{"index":"index","follow":"follow","max-snippet":"max-snippet:-1","max-image-preview":"max-image-preview:large","max-video-preview":"max-video-preview:-1"},"canonical":"https:\/\/drkittel.pl\/en\/polityka-cookies\/","og_locale":"en_GB","og_type":"article","og_title":"Polityka cookies - Digital Dentistry &amp; Medicine","og_description":"POLITYKA COOKIES I. Podstawowe informacje o plikach cookies Na naszej [...]","og_url":"https:\/\/drkittel.pl\/en\/polityka-cookies\/","og_site_name":"Digital Dentistry &amp; Medicine","twitter_card":"summary_large_image","twitter_misc":{"Estimated reading time":"3 minutes"},"schema":{"@context":"https:\/\/schema.org","@graph":[{"@type":"WebPage","@id":"https:\/\/drkittel.pl\/polityka-cookies\/","url":"https:\/\/drkittel.pl\/polityka-cookies\/","name":"Polityka cookies - Digital Dentistry &amp; Medicine","isPartOf":{"@id":"https:\/\/drkittel.pl\/#website"},"datePublished":"2022-05-23T21:28:32+00:00","breadcrumb":{"@id":"https:\/\/drkittel.pl\/polityka-cookies\/#breadcrumb"},"inLanguage":"en-GB","potentialAction":[{"@type":"ReadAction","target":["https:\/\/drkittel.pl\/polityka-cookies\/"]}]},{"@type":"BreadcrumbList","@id":"https:\/\/drkittel.pl\/polityka-cookies\/#breadcrumb","itemListElement":[{"@type":"ListItem","position":1,"name":"Strona g\u0142\u00f3wna","item":"https:\/\/drkittel.pl\/"},{"@type":"ListItem","position":2,"name":"Polityka cookies"}]},{"@type":"WebSite","@id":"https:\/\/drkittel.pl\/#website","url":"https:\/\/drkittel.pl\/","name":"Dr Kittel Digital Dentistry & Medicine","description":"Dr Kittel - Implantologia, Protetyka na implantach, Chirurgia z regeneracj\u0105 PRF, Mosty na W\u0142\u00f3knach IPN, Lic\u00f3wki kompozytowe i porcelanowe.","publisher":{"@id":"https:\/\/drkittel.pl\/#organization"},"potentialAction":[{"@type":"SearchAction","target":{"@type":"EntryPoint","urlTemplate":"https:\/\/drkittel.pl\/?s={search_term_string}"},"query-input":{"@type":"PropertyValueSpecification","valueRequired":true,"valueName":"search_term_string"}}],"inLanguage":"en-GB"},{"@type":"Organization","@id":"https:\/\/drkittel.pl\/#organization","name":"Dr Kittel Digital Dentistry & Medicine","url":"https:\/\/drkittel.pl\/","logo":{"@type":"ImageObject","inLanguage":"en-GB","@id":"https:\/\/drkittel.pl\/#\/schema\/logo\/image\/","url":"https:\/\/drkittel.pl\/wp-content\/uploads\/2022\/12\/dr-kittel-nowe-logo-black.png","contentUrl":"https:\/\/drkittel.pl\/wp-content\/uploads\/2022\/12\/dr-kittel-nowe-logo-black.png","width":1417,"height":595,"caption":"Dr Kittel Digital Dentistry & Medicine"},"image":{"@id":"https:\/\/drkittel.pl\/#\/schema\/logo\/image\/"}}]}},"_links":{"self":[{"href":"https:\/\/drkittel.pl\/en\/wp-json\/wp\/v2\/pages\/784","targetHints":{"allow":["GET"]}}],"collection":[{"href":"https:\/\/drkittel.pl\/en\/wp-json\/wp\/v2\/pages"}],"about":[{"href":"https:\/\/drkittel.pl\/en\/wp-json\/wp\/v2\/types\/page"}],"author":[{"embeddable":true,"href":"https:\/\/drkittel.pl\/en\/wp-json\/wp\/v2\/users\/2"}],"replies":[{"embeddable":true,"href":"https:\/\/drkittel.pl\/en\/wp-json\/wp\/v2\/comments?post=784"}],"version-history":[{"count":10,"href":"https:\/\/drkittel.pl\/en\/wp-json\/wp\/v2\/pages\/784\/revisions"}],"predecessor-version":[{"id":794,"href":"https:\/\/drkittel.pl\/en\/wp-json\/wp\/v2\/pages\/784\/revisions\/794"}],"wp:attachment":[{"href":"https:\/\/drkittel.pl\/en\/wp-json\/wp\/v2\/media?parent=784"}],"curies":[{"name":"wp","href":"https:\/\/api.w.org\/{rel}","templated":true}]}}