{"id":795,"date":"2022-05-24T19:46:50","date_gmt":"2022-05-24T17:46:50","guid":{"rendered":"https:\/\/drkittel.pl\/?page_id=795"},"modified":"2023-01-03T12:09:22","modified_gmt":"2023-01-03T11:09:22","slug":"kontakt-w-sprawie-danych-osobowych","status":"publish","type":"page","link":"https:\/\/drkittel.pl\/en\/kontakt-w-sprawie-danych-osobowych\/","title":{"rendered":"Contact regarding personal data"},"content":{"rendered":"<p><strong>Contact regarding personal data<\/strong><\/p>\n<p>&nbsp;<\/p>\n<table border=\"1px solid white\" width=\"100%\" cellspacing=\"0\" cellpadding=\"7\">\n<tbody>\n<tr valign=\"top\">\n<td width=\"106\">\n<p align=\"center\">Name and address of the Data Administrator:<\/p>\n<\/td>\n<td width=\"497\">\n<p style=\"text-align: center;\" align=\"center\">Lidia Kittel Digital Dentistry&amp;Medicine ul. Kr\u00f3lewiecka 161\/16, 54-117 Wroc\u0142aw<br \/>\nYou can contact the Personal Data Protection Administrator via e-mail: iod@drkittel.pl<\/p>\n<\/td>\n<\/tr>\n<tr valign=\"top\">\n<td width=\"106\">\n<p align=\"center\">Kontakt do Inspektora Ochrony Danych:<\/p>\n<\/td>\n<td width=\"497\">\n<p align=\"center\">You can contact us via e-mail: iod@drkittel.pl<\/p>\n<\/td>\n<\/tr>\n<tr valign=\"top\">\n<td width=\"106\">\n<p align=\"center\">Cele monitorowania:<\/p>\n<\/td>\n<td width=\"497\">\n<p align=\"center\">Monitoring is carried out to ensure the safety of people and property on the premises of Digital Dentistry&amp;Medicine Lidia Kittel.<\/p>\n<\/td>\n<\/tr>\n<tr valign=\"top\">\n<td width=\"106\">\n<p align=\"center\">Podstawa przetwarzania:<\/p>\n<\/td>\n<td width=\"497\">\n<p align=\"center\">Article 6 par. 1 lit. f) GDPR - processing is necessary for the purposes of the legitimate interests pursued by the administrator.<\/p>\n<\/td>\n<\/tr>\n<tr valign=\"top\">\n<td width=\"106\">\n<p align=\"center\">Kto jest odbiorc\u0105 danych?<\/p>\n<\/td>\n<td width=\"497\">\n<p align=\"center\">Entities authorized to do so, such as the police, court, prosecutor's office in the field of ongoing proceedings.<\/p>\n<\/td>\n<\/tr>\n<tr valign=\"top\">\n<td width=\"106\">\n<p align=\"center\">Jak d\u0142ugo b\u0119d\u0105 przetwarzane nagrania?<\/p>\n<\/td>\n<td width=\"497\">\n<p align=\"center\">The recordings are stored for no longer than 4 weeks. This period may be extended if the recordings are used to defend the rights and claims of the data controller or third parties.<\/p>\n<\/td>\n<\/tr>\n<tr valign=\"top\">\n<td width=\"106\">\n<p align=\"center\">Teren monitoringu:<\/p>\n<\/td>\n<td width=\"497\">\n<p align=\"center\">Common parts of the facility (reception, corridors and waiting room) are monitored.<br \/>\nOnly the image (no sound) is recorded and saved.<\/p>\n<\/td>\n<\/tr>\n<tr valign=\"top\">\n<td style=\"text-align: center;\" width=\"106\">\n<p align=\"center\">Prawa przys\u0142uguj\u0105ce osobie,<br \/>\nkt\u00f3rej dane dotycz\u0105:<\/p>\n<\/td>\n<td width=\"497\">\n<p style=\"text-align: center;\" align=\"center\">The person has the right:<\/p>\n<p style=\"text-align: center;\">\u2013 to information on the existence of monitoring;<\/p>\n<p style=\"text-align: center;\">\u2013 access to data content and copies of data in justified cases;<\/p>\n<p style=\"text-align: center;\">\u2013 deletion of data concerning it or anonymization of the image in justified cases;<\/p>\n<p style=\"text-align: center;\">\u2013 the right to process data for a limited period of time;<\/p>\n<p style=\"text-align: center;\">\u2013 lodge a complaint with the President of the Personal Data Protection Office (PUODO), if the data processing violates the provisions of the General Data Protection Regulation (GDPR).<\/p>\n<p style=\"text-align: center;\">The processing does not lead to the identification of the data subject. The data is not combined with other information that is in the possession of the Data Administrator, except when the recording is evidence in proceedings before the authorities authorized to do so.<\/p>\n<\/td>\n<\/tr>\n<\/tbody>\n<\/table>","protected":false},"excerpt":{"rendered":"<p>Kontakt w sprawie danych osobowych &nbsp; Nazwa i adres Administratora  [&#8230;]<\/p>\n","protected":false},"author":2,"featured_media":0,"parent":0,"menu_order":0,"comment_status":"closed","ping_status":"closed","template":"","meta":{"footnotes":""},"class_list":["post-795","page","type-page","status-publish","hentry"],"yoast_head":"<!-- This site is optimized with the Yoast SEO plugin v27.0 - https:\/\/yoast.com\/product\/yoast-seo-wordpress\/ -->\n<title>Kontakt w sprawie danych osobowych - Digital Dentistry &amp; Medicine<\/title>\n<meta name=\"robots\" content=\"index, follow, max-snippet:-1, max-image-preview:large, max-video-preview:-1\" \/>\n<link rel=\"canonical\" href=\"https:\/\/drkittel.pl\/en\/kontakt-w-sprawie-danych-osobowych\/\" \/>\n<meta property=\"og:locale\" content=\"en_GB\" \/>\n<meta property=\"og:type\" content=\"article\" \/>\n<meta property=\"og:title\" content=\"Kontakt w sprawie danych osobowych - Digital Dentistry &amp; Medicine\" \/>\n<meta property=\"og:description\" content=\"Kontakt w sprawie danych osobowych &nbsp; Nazwa i adres Administratora [...]\" \/>\n<meta property=\"og:url\" content=\"https:\/\/drkittel.pl\/en\/kontakt-w-sprawie-danych-osobowych\/\" \/>\n<meta property=\"og:site_name\" content=\"Digital Dentistry &amp; Medicine\" \/>\n<meta property=\"article:modified_time\" content=\"2023-01-03T11:09:22+00:00\" \/>\n<meta name=\"twitter:card\" content=\"summary_large_image\" \/>\n<meta name=\"twitter:label1\" content=\"Estimated reading time\" \/>\n\t<meta name=\"twitter:data1\" content=\"2 minutes\" \/>\n<script type=\"application\/ld+json\" class=\"yoast-schema-graph\">{\"@context\":\"https:\/\/schema.org\",\"@graph\":[{\"@type\":\"WebPage\",\"@id\":\"https:\/\/drkittel.pl\/kontakt-w-sprawie-danych-osobowych\/\",\"url\":\"https:\/\/drkittel.pl\/kontakt-w-sprawie-danych-osobowych\/\",\"name\":\"Kontakt w sprawie danych osobowych - Digital Dentistry &amp; Medicine\",\"isPartOf\":{\"@id\":\"https:\/\/drkittel.pl\/#website\"},\"datePublished\":\"2022-05-24T17:46:50+00:00\",\"dateModified\":\"2023-01-03T11:09:22+00:00\",\"breadcrumb\":{\"@id\":\"https:\/\/drkittel.pl\/kontakt-w-sprawie-danych-osobowych\/#breadcrumb\"},\"inLanguage\":\"en-GB\",\"potentialAction\":[{\"@type\":\"ReadAction\",\"target\":[\"https:\/\/drkittel.pl\/kontakt-w-sprawie-danych-osobowych\/\"]}]},{\"@type\":\"BreadcrumbList\",\"@id\":\"https:\/\/drkittel.pl\/kontakt-w-sprawie-danych-osobowych\/#breadcrumb\",\"itemListElement\":[{\"@type\":\"ListItem\",\"position\":1,\"name\":\"Strona g\u0142\u00f3wna\",\"item\":\"https:\/\/drkittel.pl\/\"},{\"@type\":\"ListItem\",\"position\":2,\"name\":\"Kontakt w sprawie danych osobowych\"}]},{\"@type\":\"WebSite\",\"@id\":\"https:\/\/drkittel.pl\/#website\",\"url\":\"https:\/\/drkittel.pl\/\",\"name\":\"Dr Kittel Digital Dentistry & Medicine\",\"description\":\"Dr Kittel - Implantologia, Protetyka na implantach, Chirurgia z regeneracj\u0105 PRF, Mosty na W\u0142\u00f3knach IPN, Lic\u00f3wki kompozytowe i porcelanowe.\",\"publisher\":{\"@id\":\"https:\/\/drkittel.pl\/#organization\"},\"potentialAction\":[{\"@type\":\"SearchAction\",\"target\":{\"@type\":\"EntryPoint\",\"urlTemplate\":\"https:\/\/drkittel.pl\/?s={search_term_string}\"},\"query-input\":{\"@type\":\"PropertyValueSpecification\",\"valueRequired\":true,\"valueName\":\"search_term_string\"}}],\"inLanguage\":\"en-GB\"},{\"@type\":\"Organization\",\"@id\":\"https:\/\/drkittel.pl\/#organization\",\"name\":\"Dr Kittel Digital Dentistry & Medicine\",\"url\":\"https:\/\/drkittel.pl\/\",\"logo\":{\"@type\":\"ImageObject\",\"inLanguage\":\"en-GB\",\"@id\":\"https:\/\/drkittel.pl\/#\/schema\/logo\/image\/\",\"url\":\"https:\/\/drkittel.pl\/wp-content\/uploads\/2022\/12\/dr-kittel-nowe-logo-black.png\",\"contentUrl\":\"https:\/\/drkittel.pl\/wp-content\/uploads\/2022\/12\/dr-kittel-nowe-logo-black.png\",\"width\":1417,\"height\":595,\"caption\":\"Dr Kittel Digital Dentistry & Medicine\"},\"image\":{\"@id\":\"https:\/\/drkittel.pl\/#\/schema\/logo\/image\/\"}}]}<\/script>\n<!-- \/ Yoast SEO plugin. -->","yoast_head_json":{"title":"Kontakt w sprawie danych osobowych - Digital Dentistry &amp; Medicine","robots":{"index":"index","follow":"follow","max-snippet":"max-snippet:-1","max-image-preview":"max-image-preview:large","max-video-preview":"max-video-preview:-1"},"canonical":"https:\/\/drkittel.pl\/en\/kontakt-w-sprawie-danych-osobowych\/","og_locale":"en_GB","og_type":"article","og_title":"Kontakt w sprawie danych osobowych - Digital Dentistry &amp; Medicine","og_description":"Kontakt w sprawie danych osobowych &nbsp; Nazwa i adres Administratora [...]","og_url":"https:\/\/drkittel.pl\/en\/kontakt-w-sprawie-danych-osobowych\/","og_site_name":"Digital Dentistry &amp; Medicine","article_modified_time":"2023-01-03T11:09:22+00:00","twitter_card":"summary_large_image","twitter_misc":{"Estimated reading time":"2 minutes"},"schema":{"@context":"https:\/\/schema.org","@graph":[{"@type":"WebPage","@id":"https:\/\/drkittel.pl\/kontakt-w-sprawie-danych-osobowych\/","url":"https:\/\/drkittel.pl\/kontakt-w-sprawie-danych-osobowych\/","name":"Kontakt w sprawie danych osobowych - Digital Dentistry &amp; Medicine","isPartOf":{"@id":"https:\/\/drkittel.pl\/#website"},"datePublished":"2022-05-24T17:46:50+00:00","dateModified":"2023-01-03T11:09:22+00:00","breadcrumb":{"@id":"https:\/\/drkittel.pl\/kontakt-w-sprawie-danych-osobowych\/#breadcrumb"},"inLanguage":"en-GB","potentialAction":[{"@type":"ReadAction","target":["https:\/\/drkittel.pl\/kontakt-w-sprawie-danych-osobowych\/"]}]},{"@type":"BreadcrumbList","@id":"https:\/\/drkittel.pl\/kontakt-w-sprawie-danych-osobowych\/#breadcrumb","itemListElement":[{"@type":"ListItem","position":1,"name":"Strona g\u0142\u00f3wna","item":"https:\/\/drkittel.pl\/"},{"@type":"ListItem","position":2,"name":"Kontakt w sprawie danych osobowych"}]},{"@type":"WebSite","@id":"https:\/\/drkittel.pl\/#website","url":"https:\/\/drkittel.pl\/","name":"Dr Kittel Digital Dentistry & Medicine","description":"Dr Kittel - Implantologia, Protetyka na implantach, Chirurgia z regeneracj\u0105 PRF, Mosty na W\u0142\u00f3knach IPN, Lic\u00f3wki kompozytowe i porcelanowe.","publisher":{"@id":"https:\/\/drkittel.pl\/#organization"},"potentialAction":[{"@type":"SearchAction","target":{"@type":"EntryPoint","urlTemplate":"https:\/\/drkittel.pl\/?s={search_term_string}"},"query-input":{"@type":"PropertyValueSpecification","valueRequired":true,"valueName":"search_term_string"}}],"inLanguage":"en-GB"},{"@type":"Organization","@id":"https:\/\/drkittel.pl\/#organization","name":"Dr Kittel Digital Dentistry & Medicine","url":"https:\/\/drkittel.pl\/","logo":{"@type":"ImageObject","inLanguage":"en-GB","@id":"https:\/\/drkittel.pl\/#\/schema\/logo\/image\/","url":"https:\/\/drkittel.pl\/wp-content\/uploads\/2022\/12\/dr-kittel-nowe-logo-black.png","contentUrl":"https:\/\/drkittel.pl\/wp-content\/uploads\/2022\/12\/dr-kittel-nowe-logo-black.png","width":1417,"height":595,"caption":"Dr Kittel Digital Dentistry & Medicine"},"image":{"@id":"https:\/\/drkittel.pl\/#\/schema\/logo\/image\/"}}]}},"_links":{"self":[{"href":"https:\/\/drkittel.pl\/en\/wp-json\/wp\/v2\/pages\/795","targetHints":{"allow":["GET"]}}],"collection":[{"href":"https:\/\/drkittel.pl\/en\/wp-json\/wp\/v2\/pages"}],"about":[{"href":"https:\/\/drkittel.pl\/en\/wp-json\/wp\/v2\/types\/page"}],"author":[{"embeddable":true,"href":"https:\/\/drkittel.pl\/en\/wp-json\/wp\/v2\/users\/2"}],"replies":[{"embeddable":true,"href":"https:\/\/drkittel.pl\/en\/wp-json\/wp\/v2\/comments?post=795"}],"version-history":[{"count":6,"href":"https:\/\/drkittel.pl\/en\/wp-json\/wp\/v2\/pages\/795\/revisions"}],"predecessor-version":[{"id":898,"href":"https:\/\/drkittel.pl\/en\/wp-json\/wp\/v2\/pages\/795\/revisions\/898"}],"wp:attachment":[{"href":"https:\/\/drkittel.pl\/en\/wp-json\/wp\/v2\/media?parent=795"}],"curies":[{"name":"wp","href":"https:\/\/api.w.org\/{rel}","templated":true}]}}